{"id":4508,"date":"2020-04-10T21:04:39","date_gmt":"2020-04-10T21:04:39","guid":{"rendered":"https:\/\/leluce.com\/wine\/"},"modified":"2020-05-15T19:56:24","modified_gmt":"2020-05-15T19:56:24","slug":"le-vin","status":"publish","type":"page","link":"https:\/\/leluce.com\/fr\/le-vin\/","title":{"rendered":"LE VIN"},"content":{"rendered":"<div class=\"menus-intro fifty-percent\">Situ\u00e9 dans la vall\u00e9e de la Loire, l&#8217;h\u00f4tel Ch\u00e2teau du Grand-Luc\u00e9 est id\u00e9alement situ\u00e9 avec un acc\u00e8s extraordinaire aux caves vinicoles, situ\u00e9es de quelques minutes \u00e0 quelques heures de route. Nous avons recens\u00e9 et collect\u00e9 une collection exceptionnelle de vins allant des Sancerres locaux, de minuscules vignobles priv\u00e9s, \u00e0 certains des plus c\u00e9l\u00e8bres Bordeaux et Beaujolais de France, et bien s\u00fbr, des Champagnes exceptionnels. Les listes de vins affich\u00e9es ne sont qu\u2019un \u00e9chantillon de certains de nos favoris.<\/div>\n<div><a href=\"https:\/\/leluce.com\/wp-content\/uploads\/HCWine1.png\"><img loading=\"lazy\" decoding=\"async\" class=\"aligncenter wp-image-4409 size-medium\" src=\"https:\/\/leluce.com\/wp-content\/uploads\/HCWine1-1250x1618.png\" alt=\"\" width=\"1250\" height=\"1618\" srcset=\"https:\/\/leluce.com\/wp-content\/uploads\/HCWine1-1250x1618.png 1250w, https:\/\/leluce.com\/wp-content\/uploads\/HCWine1-768x994.png 768w, https:\/\/leluce.com\/wp-content\/uploads\/HCWine1-1187x1536.png 1187w, https:\/\/leluce.com\/wp-content\/uploads\/HCWine1-1583x2048.png 1583w\" sizes=\"auto, (max-width: 1250px) 100vw, 1250px\" \/><\/a><\/div>\n<div><a href=\"https:\/\/leluce.com\/wp-content\/uploads\/HCWine2.png\"><img loading=\"lazy\" decoding=\"async\" class=\"aligncenter wp-image-4410 size-medium\" src=\"https:\/\/leluce.com\/wp-content\/uploads\/HCWine2-1250x1618.png\" alt=\"\" width=\"1250\" height=\"1618\" srcset=\"https:\/\/leluce.com\/wp-content\/uploads\/HCWine2-1250x1618.png 1250w, https:\/\/leluce.com\/wp-content\/uploads\/HCWine2-768x994.png 768w, https:\/\/leluce.com\/wp-content\/uploads\/HCWine2-1187x1536.png 1187w, https:\/\/leluce.com\/wp-content\/uploads\/HCWine2-1583x2048.png 1583w\" sizes=\"auto, (max-width: 1250px) 100vw, 1250px\" \/><\/a><\/div>\n<div><a href=\"https:\/\/leluce.com\/wp-content\/uploads\/HCWine3.png\"><img loading=\"lazy\" decoding=\"async\" class=\"aligncenter wp-image-4412 size-medium\" src=\"https:\/\/leluce.com\/wp-content\/uploads\/HCWine3-1250x1618.png\" alt=\"\" width=\"1250\" height=\"1618\" srcset=\"https:\/\/leluce.com\/wp-content\/uploads\/HCWine3-1250x1618.png 1250w, https:\/\/leluce.com\/wp-content\/uploads\/HCWine3-768x994.png 768w, https:\/\/leluce.com\/wp-content\/uploads\/HCWine3-1187x1536.png 1187w, https:\/\/leluce.com\/wp-content\/uploads\/HCWine3-1583x2048.png 1583w\" sizes=\"auto, (max-width: 1250px) 100vw, 1250px\" \/><\/a><\/div>\n<div><a href=\"https:\/\/leluce.com\/wp-content\/uploads\/HCWine4.png\"><img loading=\"lazy\" decoding=\"async\" class=\"aligncenter wp-image-4414 size-medium\" src=\"https:\/\/leluce.com\/wp-content\/uploads\/HCWine4-1250x1618.png\" alt=\"\" width=\"1250\" height=\"1618\" srcset=\"https:\/\/leluce.com\/wp-content\/uploads\/HCWine4-1250x1618.png 1250w, https:\/\/leluce.com\/wp-content\/uploads\/HCWine4-768x994.png 768w, https:\/\/leluce.com\/wp-content\/uploads\/HCWine4-1187x1536.png 1187w, https:\/\/leluce.com\/wp-content\/uploads\/HCWine4-1583x2048.png 1583w\" sizes=\"auto, (max-width: 1250px) 100vw, 1250px\" \/><\/a><a href=\"https:\/\/leluce.com\/wp-content\/uploads\/HCWine5.png\"><img loading=\"lazy\" decoding=\"async\" class=\"aligncenter wp-image-4416 size-medium\" src=\"https:\/\/leluce.com\/wp-content\/uploads\/HCWine5-1250x1618.png\" alt=\"\" width=\"1250\" height=\"1618\" srcset=\"https:\/\/leluce.com\/wp-content\/uploads\/HCWine5-1250x1618.png 1250w, https:\/\/leluce.com\/wp-content\/uploads\/HCWine5-768x994.png 768w, https:\/\/leluce.com\/wp-content\/uploads\/HCWine5-1187x1536.png 1187w, https:\/\/leluce.com\/wp-content\/uploads\/HCWine5-1583x2048.png 1583w\" sizes=\"auto, (max-width: 1250px) 100vw, 1250px\" \/><\/a><\/div>\n","protected":false},"excerpt":{"rendered":"<p>Situ\u00e9 dans la vall\u00e9e de la Loire, l&#8217;h\u00f4tel Ch\u00e2teau du Grand-Luc\u00e9 est id\u00e9alement situ\u00e9 avec un acc\u00e8s extraordinaire aux caves vinicoles, situ\u00e9es de quelques minutes \u00e0 quelques heures de route. Nous avons recens\u00e9 et collect\u00e9 une collection exceptionnelle de vins allant des Sancerres locaux, de minuscules vignobles priv\u00e9s, \u00e0 certains des plus c\u00e9l\u00e8bres Bordeaux et [&hellip;]<\/p>\n","protected":false},"author":2,"featured_media":0,"parent":0,"menu_order":0,"comment_status":"closed","ping_status":"closed","template":"","meta":{"footnotes":""},"class_list":["post-4508","page","type-page","status-publish","hentry"],"_links":{"self":[{"href":"https:\/\/leluce.com\/fr\/wp-json\/wp\/v2\/pages\/4508","targetHints":{"allow":["GET"]}}],"collection":[{"href":"https:\/\/leluce.com\/fr\/wp-json\/wp\/v2\/pages"}],"about":[{"href":"https:\/\/leluce.com\/fr\/wp-json\/wp\/v2\/types\/page"}],"author":[{"embeddable":true,"href":"https:\/\/leluce.com\/fr\/wp-json\/wp\/v2\/users\/2"}],"replies":[{"embeddable":true,"href":"https:\/\/leluce.com\/fr\/wp-json\/wp\/v2\/comments?post=4508"}],"version-history":[{"count":0,"href":"https:\/\/leluce.com\/fr\/wp-json\/wp\/v2\/pages\/4508\/revisions"}],"wp:attachment":[{"href":"https:\/\/leluce.com\/fr\/wp-json\/wp\/v2\/media?parent=4508"}],"curies":[{"name":"wp","href":"https:\/\/api.w.org\/{rel}","templated":true}]}}